{"id":282,"date":"2020-08-18T18:51:06","date_gmt":"2020-08-18T18:51:06","guid":{"rendered":"https:\/\/horizonservicesmallorca.com\/sobre-nosotros\/"},"modified":"2020-08-22T07:48:04","modified_gmt":"2020-08-22T07:48:04","slug":"sobre-nosotros","status":"publish","type":"page","link":"https:\/\/horizonservicesmallorca.com\/es\/sobre-nosotros\/","title":{"rendered":"Sobre nosotros"},"content":{"rendered":"[vc_row type=\u00bbin_container\u00bb full_screen_row_position=\u00bbmiddle\u00bb equal_height=\u00bbyes\u00bb content_placement=\u00bbmiddle\u00bb column_margin=\u00bb90px\u00bb scene_position=\u00bbcenter\u00bb text_color=\u00bbdark\u00bb text_align=\u00bbleft\u00bb top_padding=\u00bb12%\u00bb bottom_padding=\u00bb9%\u00bb overlay_strength=\u00bb0.3&#8243; shape_divider_position=\u00bbbottom\u00bb bg_image_animation=\u00bbnone\u00bb shape_type=\u00bb\u00bb][vc_column column_padding=\u00bbpadding-2-percent\u00bb column_padding_position=\u00bbtop-bottom\u00bb background_color_opacity=\u00bb1&#8243; background_hover_color_opacity=\u00bb1&#8243; column_link_target=\u00bb_self\u00bb column_shadow=\u00bbnone\u00bb column_border_radius=\u00bbnone\u00bb width=\u00bb1\/2&#8243; tablet_width_inherit=\u00bbdefault\u00bb tablet_text_alignment=\u00bbdefault\u00bb phone_text_alignment=\u00bbdefault\u00bb overlay_strength=\u00bb0.3&#8243; column_border_width=\u00bbnone\u00bb column_border_style=\u00bbsolid\u00bb bg_image_animation=\u00bbnone\u00bb][split_line_heading animation_type=\u00bbline-reveal-by-space\u00bb font_style=\u00bbh2&#8243; text_content=\u00bbHorizon Property Services Mallorca- nuestro car\u00e1cter distintivo\u00bb max_width=\u00bb500&#8243;][\/split_line_heading][vc_column_text]En Horizon Property Service Mallorca, proporcionar un gran servicio es un valor establecido que mantenemos cerca de nuestros corazones. Nuestra filosof\u00eda es que los hogares de Mallorca merecen todo el cuidado y la atenci\u00f3n que pueden recibir, y estamos dedicados a hacer la vida de nuestros clientes un poco m\u00e1s f\u00e1cil.[\/vc_column_text][vc_row_inner column_margin=\u00bbdefault\u00bb top_padding=\u00bb20&#8243; text_align=\u00bbleft\u00bb][vc_column_inner column_padding=\u00bbno-extra-padding\u00bb column_padding_position=\u00bball\u00bb background_color_opacity=\u00bb1&#8243; background_hover_color_opacity=\u00bb1&#8243; column_shadow=\u00bbnone\u00bb column_border_radius=\u00bbnone\u00bb column_link_target=\u00bb_self\u00bb width=\u00bb1\/2&#8243; tablet_width_inherit=\u00bbdefault\u00bb overlay_strength=\u00bb0.3&#8243; column_border_width=\u00bbnone\u00bb column_border_style=\u00bbsolid\u00bb bg_image_animation=\u00bbnone\u00bb enable_animation=\u00bbtrue\u00bb animation=\u00bbfade-in-from-bottom\u00bb]<div class=\"nectar-fancy-ul\" data-list-icon=\"dot\" data-animation=\"true\" data-animation-delay=\"0\" data-spacing=\"20px\" data-alignment=\"left\"> \n<ul>\n<li>Con cada oportunidad prestamos atenci\u00f3n a los detalles. Cada peque\u00f1a cosa que parece fuera de lugar significa todo un mundo de diferencia cuando se trata de mantenimiento y cuidado. Todo est\u00e1 en los detalles m\u00e1s finos<\/li>\n<li>La confianza lo es todo. Dejar su casa en manos de alguien en quien no conf\u00eda es abrumador y potencialmente catastr\u00f3fico. Sabemos lo mucho que su hogar significa para usted, por lo que trabajamos para asegurarnos de que se le recuerde que significa tanto para nosotros, tambi\u00e9n.<\/li>\n<\/ul>\n <\/div>[\/vc_column_inner][vc_column_inner column_padding=\u00bbno-extra-padding\u00bb column_padding_position=\u00bball\u00bb background_color_opacity=\u00bb1&#8243; background_hover_color_opacity=\u00bb1&#8243; column_shadow=\u00bbnone\u00bb column_border_radius=\u00bbnone\u00bb column_link_target=\u00bb_self\u00bb width=\u00bb1\/2&#8243; tablet_width_inherit=\u00bbdefault\u00bb overlay_strength=\u00bb0.3&#8243; column_border_width=\u00bbnone\u00bb column_border_style=\u00bbsolid\u00bb bg_image_animation=\u00bbnone\u00bb enable_animation=\u00bbtrue\u00bb animation=\u00bbfade-in-from-bottom\u00bb]<div class=\"nectar-fancy-ul\" data-list-icon=\"dot\" data-animation=\"true\" data-animation-delay=\"0\" data-spacing=\"20px\" data-alignment=\"left\"> \n<ul>\n<li>Ir m\u00e1s all\u00e1 es importante para nosotros. Todos tenemos expectativas en el mantenimiento de la propiedad, aunque no todas las empresas de la industria son tan apasionadas como nosotros. Impresionar a clientes y invitados significa mucho para nosotros.<\/li>\n<li>Estamos orgullosos de nuestro trabajo. Amar lo que hacemos significa que prosperamos en nuestros entornos de trabajo, lo que conduce a mejores resultados para su propiedad, en todo momento.<\/li>\n<\/ul>\n <\/div>[\/vc_column_inner][\/vc_row_inner][\/vc_column][vc_column column_padding=\u00bbpadding-5-percent\u00bb column_padding_position=\u00bball\u00bb background_color_opacity=\u00bb1&#8243; background_hover_color_opacity=\u00bb1&#8243; background_image=\u00bb145&#8243; enable_bg_scale=\u00bbtrue\u00bb column_link_target=\u00bb_self\u00bb column_shadow=\u00bbnone\u00bb column_border_radius=\u00bbnone\u00bb width=\u00bb1\/2&#8243; tablet_width_inherit=\u00bbdefault\u00bb tablet_text_alignment=\u00bbdefault\u00bb phone_text_alignment=\u00bbdefault\u00bb overlay_strength=\u00bb0.3&#8243; column_border_width=\u00bbnone\u00bb column_border_style=\u00bbsolid\u00bb bg_image_animation=\u00bbzoom-out-reveal\u00bb][divider line_type=\u00bbNo Line\u00bb custom_height=\u00bb300&#8243;][\/vc_column][\/vc_row]\n","protected":false},"excerpt":{"rendered":"<p>[vc_row type=\u00bbin_container\u00bb full_screen_row_position=\u00bbmiddle\u00bb equal_height=\u00bbyes\u00bb content_placement=\u00bbmiddle\u00bb column_margin=\u00bb90px\u00bb scene_position=\u00bbcenter\u00bb text_color=\u00bbdark\u00bb text_align=\u00bbleft\u00bb top_padding=\u00bb12%\u00bb bottom_padding=\u00bb9%\u00bb overlay_strength=\u00bb0.3&#8243; shape_divider_position=\u00bbbottom\u00bb bg_image_animation=\u00bbnone\u00bb shape_type=\u00bb\u00bb][vc_column column_padding=\u00bbpadding-2-percent\u00bb column_padding_position=\u00bbtop-bottom\u00bb background_color_opacity=\u00bb1&#8243; background_hover_color_opacity=\u00bb1&#8243; column_link_target=\u00bb_self\u00bb column_shadow=\u00bbnone\u00bb column_border_radius=\u00bbnone\u00bb width=\u00bb1\/2&#8243; tablet_width_inherit=\u00bbdefault\u00bb tablet_text_alignment=\u00bbdefault\u00bb phone_text_alignment=\u00bbdefault\u00bb overlay_strength=\u00bb0.3&#8243; column_border_width=\u00bbnone\u00bb column_border_style=\u00bbsolid\u00bb bg_image_animation=\u00bbnone\u00bb][split_line_heading&#8230;<\/p>\n","protected":false},"author":1,"featured_media":0,"parent":0,"menu_order":0,"comment_status":"closed","ping_status":"closed","template":"","meta":[],"yst_prominent_words":[170,190,169,150,188,187,191,193,116,154,184,189,168,192,185,186,195,194,164,167],"_links":{"self":[{"href":"https:\/\/horizonservicesmallorca.com\/es\/wp-json\/wp\/v2\/pages\/282"}],"collection":[{"href":"https:\/\/horizonservicesmallorca.com\/es\/wp-json\/wp\/v2\/pages"}],"about":[{"href":"https:\/\/horizonservicesmallorca.com\/es\/wp-json\/wp\/v2\/types\/page"}],"author":[{"embeddable":true,"href":"https:\/\/horizonservicesmallorca.com\/es\/wp-json\/wp\/v2\/users\/1"}],"replies":[{"embeddable":true,"href":"https:\/\/horizonservicesmallorca.com\/es\/wp-json\/wp\/v2\/comments?post=282"}],"version-history":[{"count":4,"href":"https:\/\/horizonservicesmallorca.com\/es\/wp-json\/wp\/v2\/pages\/282\/revisions"}],"predecessor-version":[{"id":318,"href":"https:\/\/horizonservicesmallorca.com\/es\/wp-json\/wp\/v2\/pages\/282\/revisions\/318"}],"wp:attachment":[{"href":"https:\/\/horizonservicesmallorca.com\/es\/wp-json\/wp\/v2\/media?parent=282"}],"wp:term":[{"taxonomy":"yst_prominent_words","embeddable":true,"href":"https:\/\/horizonservicesmallorca.com\/es\/wp-json\/wp\/v2\/yst_prominent_words?post=282"}],"curies":[{"name":"wp","href":"https:\/\/api.w.org\/{rel}","templated":true}]}}