{"id":278,"date":"2020-08-18T18:42:05","date_gmt":"2020-08-18T18:42:05","guid":{"rendered":"https:\/\/horizonservicesmallorca.com\/politica-de-privacidad\/"},"modified":"2020-08-19T16:02:14","modified_gmt":"2020-08-19T16:02:14","slug":"politica-de-privacidad","status":"publish","type":"page","link":"https:\/\/horizonservicesmallorca.com\/es\/politica-de-privacidad\/","title":{"rendered":"Pol\u00edtica de privacidad"},"content":{"rendered":"[vc_row type=\u00bbin_container\u00bb full_screen_row_position=\u00bbmiddle\u00bb column_margin=\u00bbdefault\u00bb scene_position=\u00bbcenter\u00bb text_color=\u00bbdark\u00bb text_align=\u00bbleft\u00bb overlay_strength=\u00bb0.3&#8243; shape_divider_position=\u00bbbottom\u00bb bg_image_animation=\u00bbnone\u00bb][vc_column column_padding=\u00bbno-extra-padding\u00bb column_padding_position=\u00bball\u00bb background_color_opacity=\u00bb1&#8243; background_hover_color_opacity=\u00bb1&#8243; column_link_target=\u00bb_self\u00bb column_shadow=\u00bbnone\u00bb column_border_radius=\u00bbnone\u00bb width=\u00bb1\/6&#8243; tablet_width_inherit=\u00bbdefault\u00bb tablet_text_alignment=\u00bbdefault\u00bb phone_text_alignment=\u00bbdefault\u00bb overlay_strength=\u00bb0.3&#8243; column_border_width=\u00bbnone\u00bb column_border_style=\u00bbsolid\u00bb bg_image_animation=\u00bbnone\u00bb][\/vc_column][vc_column column_padding=\u00bbno-extra-padding\u00bb column_padding_position=\u00bball\u00bb background_color_opacity=\u00bb1&#8243; background_hover_color_opacity=\u00bb1&#8243; column_link_target=\u00bb_self\u00bb column_shadow=\u00bbnone\u00bb column_border_radius=\u00bbnone\u00bb width=\u00bb2\/3&#8243; tablet_width_inherit=\u00bbdefault\u00bb tablet_text_alignment=\u00bbdefault\u00bb phone_text_alignment=\u00bbdefault\u00bb overlay_strength=\u00bb0.3&#8243; column_border_width=\u00bbnone\u00bb column_border_style=\u00bbsolid\u00bb bg_image_animation=\u00bbnone\u00bb][vc_column_text]\n<h1>Pol\u00edtica de privacidad de Horizon Property Services<\/h1>\n<p>En Horizon Property Services Mallorca, accesible desde https:\/\/horizonservicesmallorca.com\/, una de nuestras principales prioridades es la privacidad de nuestros visitantes. Este documento de Pol\u00edtica de privacidad contiene tipos de informaci\u00f3n que Horizon Property Services Mallorca recopila y registra y c\u00f3mo la utilizamos.<\/p>\n<p>Si tiene preguntas adicionales o necesita m\u00e1s informaci\u00f3n sobre nuestra Pol\u00edtica de privacidad, no dude en ponerse en contacto con nosotros.<\/p>\n<p>Esta Pol\u00edtica de Privacidad se aplica \u00fanicamente a nuestras actividades en l\u00ednea y es v\u00e1lida para los visitantes de nuestro sitio web con respecto a la informaci\u00f3n que compartieron y\/o recopilan en Horizon Property Services Mallorca. Esta pol\u00edtica no es aplicable a ninguna informaci\u00f3n recopilada fuera de l\u00ednea o a trav\u00e9s de canales que no sean este sitio web.<\/p>\n<h2>Consentimiento<\/h2>\n<p>Al utilizar nuestro sitio web, usted acepta nuestra Pol\u00edtica de Privacidad y acepta sus t\u00e9rminos.<\/p>\n<h2>Informaci\u00f3n que recopilamos<\/h2>\n<p>La informaci\u00f3n personal que se le pide que proporcione, y las razones por las que se le pide que la proporcione, se le aclarar\u00e1n en el momento en que le pidamos que proporcione su informaci\u00f3n personal.<\/p>\n<p>Si se puso en contacto con nosotros directamente, podemos recibir informaci\u00f3n adicional sobre usted, como su nombre, direcci\u00f3n de correo electr\u00f3nico, n\u00famero de tel\u00e9fono, el contenido del mensaje y\/o archivos adjuntos que nos puede enviar, y cualquier otra informaci\u00f3n que pueda elegir proporcionar.<\/p>\n<p>Cuando se registra para una Cuenta, podemos solicitar su informaci\u00f3n de contacto, incluidos elementos como el nombre, el nombre de la empresa, la direcci\u00f3n, la direcci\u00f3n de correo electr\u00f3nico y el n\u00famero de tel\u00e9fono.<\/p>\n<h2>C\u00f3mo usamos su informaci\u00f3n<\/h2>\n<p>Utilizamos la informaci\u00f3n que recopilamos de varias maneras, incluyendo:<\/p>\n<ul>\n<li>Proporcionar, operar y mantener nuestro webste<\/li>\n<li>Mejorar, personalizar y ampliar nuestro webste<\/li>\n<li>Comprender y analizar c\u00f3mo utiliza nuestro webste<\/li>\n<li>Desarrollar nuevos productos, servicios, caracter\u00edsticas y funcionalidad<\/li>\n<li>Comun\u00edquese con usted, ya sea directamente o a trav\u00e9s de uno de nuestros socios, incluso para el servicio de atenci\u00f3n al cliente, para proporcionarle actualizaciones y otra informaci\u00f3n relacionada con el webste, y con fines de marketing y promoci\u00f3n<\/li>\n<li>Enviarle correos electr\u00f3nicos<\/li>\n<li>Buscar y prevenir el fraude<\/li>\n<\/ul>\n<h2>Archivos de registro<\/h2>\n<p>Horizon Property Services Mallorca sigue un procedimiento est\u00e1ndar de uso de archivos de registro. Estos archivos registran a los visitantes cuando visitan sitios web. Todas las empresas de alojamiento hacen esto y una parte del an\u00e1lisis de los servicios de alojamiento. La informaci\u00f3n recopilada por los archivos de registro incluye direcciones de protocolo de Internet (IP), tipo de navegador, proveedor de servicios de Internet (ISP), marca de fecha y hora, p\u00e1ginas de referencia\/salida y, posiblemente, el n\u00famero de clics. Estos no est\u00e1n vinculados a ninguna informaci\u00f3n que sea personalmente identificable. El prop\u00f3sito de la informaci\u00f3n es analizar tendencias, administrar el sitio, rastrear el movimiento de los usuarios en el sitio web y recopilar informaci\u00f3n demogr\u00e1fica. Nuestra pol\u00edtica de privacidad fue creado con la ayuda del generador de <a href=\"https:\/\/www.privacypolicygenerator.info\">pol\u00edtica de privacidad<\/a> y el generador de pol\u00edtica de privacidad en <a href=\"https:\/\/www.privacypolicyonline.com\/privacy-policy-generator\/\">l\u00ednea<\/a>.<\/p>\n<h2>Cookies y balizas web<\/h2>\n<p>Al igual que cualquier otro sitio web, Horizon Property Services Mallorca utiliza &#8216;cookies&#8217;. Estas cookies se utilizan para almacenar informaci\u00f3n, incluidas las preferencias de los visitantes, y las p\u00e1ginas del sitio web a las que el visitante accedi\u00f3 o visit\u00f3. La informaci\u00f3n se utiliza para optimizar la experiencia de los usuarios personalizando el contenido de nuestra p\u00e1gina web en funci\u00f3n del tipo de navegador de los visitantes y\/u otra informaci\u00f3n.<\/p>\n<p>Para obtener m\u00e1s informaci\u00f3n general sobre las cookies, lea <a href=\"https:\/\/www.cookieconsent.com\/what-are-cookies\/\">\u00abQu\u00e9 son las cookies\u00bb.<\/a><\/p>\n<h2>Pol\u00edticas de privacidad de socios publicitarios<\/h2>\n<p>Puede consultar esta lista para encontrar la Pol\u00edtica de Privacidad para cada uno de los socios publicitarios de Horizon Property Services Mallorca.<\/p>\n<p>Los servidores de anuncios de terceros o las redes publicitarias utilizan tecnolog\u00edas como cookies, JavaScript o web Beacons que se utilizan en sus respectivos anuncios y enlaces que aparecen en Horizon Property Services Mallorca, que se env\u00edan directamente al navegador de los usuarios. Reciben autom\u00e1ticamente su direcci\u00f3n IP cuando esto ocurre. Estas tecnolog\u00edas se utilizan para medir la eficacia de sus campa\u00f1as publicitarias y\/o para personalizar el contenido publicitario que ve en los sitios web que visita.<\/p>\n<p>Tenga en cuenta que Horizon Property Services Mallorca no tiene acceso ni control sobre estas cookies que utilizan los anunciantes de terceros.<\/p>\n<h2>Pol\u00edticas de privacidad de terceros<\/h2>\n<p>La Pol\u00edtica de Privacidad de Horizon Property Services Mallorca no se aplica a otros anunciantes o sitios web. Por lo tanto, le aconsejamos que consulte las respectivas Pol\u00edticas de Privacidad de estos servidores de anuncios de terceros para obtener informaci\u00f3n m\u00e1s detallada. Puede incluir sus pr\u00e1cticas e instrucciones sobre c\u00f3mo optar por no participar en ciertas opciones.<\/p>\n<p>Puede desactivar las cookies a trav\u00e9s de las opciones individuales de su navegador. Para conocer informaci\u00f3n m\u00e1s detallada sobre la gesti\u00f3n de cookies con navegadores web espec\u00edficos, se puede encontrar en los respectivos sitios web de los navegadores.<\/p>\n<h2>Derechos de privacidad de CCPA (no vender mi informaci\u00f3n personal)<\/h2>\n<p>En virtud del CCPA, entre otros derechos, los consumidores de California tienen derecho a:<\/p>\n<p>Solicitar que una empresa que recopila los datos personales de un consumidor divulgue las categor\u00edas y datos personales espec\u00edficos que una empresa ha recopilado sobre los consumidores.<\/p>\n<p>Solicitar que una empresa elimine cualquier dato personal sobre el consumidor que haya recopilado una empresa.<\/p>\n<p>Solicitar que una empresa que vende los datos personales de un consumidor, no venda los datos personales del consumidor.<\/p>\n<p>Si usted hace una solicitud, tenemos un mes para responderle. Si desea ejercer cualquiera de estos derechos, p\u00f3ngase en contacto con nosotros.<\/p>\n<h2>Derechos de protecci\u00f3n de datos del RGPD<\/h2>\n<p>Nos gustar\u00eda asegurarnos de que est\u00e9 plenamente al tanto de todos sus derechos de protecci\u00f3n de datos. Cada usuario tiene derecho a lo siguiente:<\/p>\n<p>Derecho de acceso: tiene derecho a solicitar copias de sus datos personales. Podemos cobrarle una peque\u00f1a tarifa por este servicio.<\/p>\n<p>Derecho de rectificaci\u00f3n \u2013 Usted tiene derecho a solicitar que corrijamos cualquier informaci\u00f3n que crea que es inexacta. Tambi\u00e9n tiene derecho a solicitar que completemos la informaci\u00f3n que cree que est\u00e1 incompleta.<\/p>\n<p>Derecho de supresi\u00f3n: tiene derecho a solicitar que borremos sus datos personales, bajo ciertas condiciones.<\/p>\n<p>Derecho a restringir el procesamiento: tiene derecho a solicitar que restrinjamos el procesamiento de sus datos personales, bajo ciertas condiciones.<\/p>\n<p>Derecho a oponerse al procesamiento \u2013 Usted tiene derecho a oponerse a nuestro procesamiento de sus datos personales, bajo ciertas condiciones.<\/p>\n<p>El derecho a la portabilidad de los datos: tiene derecho a solicitar que transfiramos los datos que hemos recopilado a otra organizaci\u00f3n, o directamente a usted, bajo ciertas condiciones.<\/p>\n<p>Si usted hace una solicitud, tenemos un mes para responderle. Si desea ejercer cualquiera de estos derechos, p\u00f3ngase en contacto con nosotros.<\/p>\n<h2>Informaci\u00f3n de los ni\u00f1os<\/h2>\n<p>Otra parte de nuestra prioridad es a\u00f1adir protecci\u00f3n para los ni\u00f1os mientras utilizan Internet. Animamos a los padres y tutores a observar, participar y\/o monitorear y guiar su actividad en l\u00ednea.<\/p>\n<p>Horizon Property Services Mallorca no recopila a sabiendas ninguna informaci\u00f3n de identificaci\u00f3n personal de ni\u00f1os menores de 13 a\u00f1os. Si cree que su hijo proporcion\u00f3 este tipo de informaci\u00f3n en nuestro sitio web, le recomendamos que se ponga en contacto con nosotros inmediatamente y haremos todo lo posible para eliminar r\u00e1pidamente dicha informaci\u00f3n de nuestros registros.[\/vc_column_text][\/vc_column][vc_column column_padding=\u00bbno-extra-padding\u00bb column_padding_position=\u00bball\u00bb background_color_opacity=\u00bb1&#8243; background_hover_color_opacity=\u00bb1&#8243; column_link_target=\u00bb_self\u00bb column_shadow=\u00bbnone\u00bb column_border_radius=\u00bbnone\u00bb width=\u00bb1\/6&#8243; tablet_width_inherit=\u00bbdefault\u00bb tablet_text_alignment=\u00bbdefault\u00bb phone_text_alignment=\u00bbdefault\u00bb overlay_strength=\u00bb0.3&#8243; column_border_width=\u00bbnone\u00bb column_border_style=\u00bbsolid\u00bb bg_image_animation=\u00bbnone\u00bb][\/vc_column][\/vc_row]\n","protected":false},"excerpt":{"rendered":"<p>[vc_row type=\u00bbin_container\u00bb full_screen_row_position=\u00bbmiddle\u00bb column_margin=\u00bbdefault\u00bb scene_position=\u00bbcenter\u00bb text_color=\u00bbdark\u00bb text_align=\u00bbleft\u00bb overlay_strength=\u00bb0.3&#8243; shape_divider_position=\u00bbbottom\u00bb bg_image_animation=\u00bbnone\u00bb][vc_column column_padding=\u00bbno-extra-padding\u00bb column_padding_position=\u00bball\u00bb background_color_opacity=\u00bb1&#8243; background_hover_color_opacity=\u00bb1&#8243; column_link_target=\u00bb_self\u00bb column_shadow=\u00bbnone\u00bb column_border_radius=\u00bbnone\u00bb width=\u00bb1\/6&#8243; tablet_width_inherit=\u00bbdefault\u00bb tablet_text_alignment=\u00bbdefault\u00bb phone_text_alignment=\u00bbdefault\u00bb overlay_strength=\u00bb0.3&#8243; column_border_width=\u00bbnone\u00bb column_border_style=\u00bbsolid\u00bb bg_image_animation=\u00bbnone\u00bb][\/vc_column][vc_column column_padding=\u00bbno-extra-padding\u00bb column_padding_position=\u00bball\u00bb background_color_opacity=\u00bb1&#8243; background_hover_color_opacity=\u00bb1&#8243; column_link_target=\u00bb_self\u00bb&#8230;<\/p>\n","protected":false},"author":1,"featured_media":0,"parent":0,"menu_order":0,"comment_status":"closed","ping_status":"closed","template":"","meta":[],"yst_prominent_words":[209,204,212,205,207,206,208,200,202,116,25,196,210,197,117,198,211,203,201,199],"_links":{"self":[{"href":"https:\/\/horizonservicesmallorca.com\/es\/wp-json\/wp\/v2\/pages\/278"}],"collection":[{"href":"https:\/\/horizonservicesmallorca.com\/es\/wp-json\/wp\/v2\/pages"}],"about":[{"href":"https:\/\/horizonservicesmallorca.com\/es\/wp-json\/wp\/v2\/types\/page"}],"author":[{"embeddable":true,"href":"https:\/\/horizonservicesmallorca.com\/es\/wp-json\/wp\/v2\/users\/1"}],"replies":[{"embeddable":true,"href":"https:\/\/horizonservicesmallorca.com\/es\/wp-json\/wp\/v2\/comments?post=278"}],"version-history":[{"count":4,"href":"https:\/\/horizonservicesmallorca.com\/es\/wp-json\/wp\/v2\/pages\/278\/revisions"}],"predecessor-version":[{"id":303,"href":"https:\/\/horizonservicesmallorca.com\/es\/wp-json\/wp\/v2\/pages\/278\/revisions\/303"}],"wp:attachment":[{"href":"https:\/\/horizonservicesmallorca.com\/es\/wp-json\/wp\/v2\/media?parent=278"}],"wp:term":[{"taxonomy":"yst_prominent_words","embeddable":true,"href":"https:\/\/horizonservicesmallorca.com\/es\/wp-json\/wp\/v2\/yst_prominent_words?post=278"}],"curies":[{"name":"wp","href":"https:\/\/api.w.org\/{rel}","templated":true}]}}